{"id":12,"date":"2018-03-22T01:03:04","date_gmt":"2018-03-22T00:03:04","guid":{"rendered":"http:\/\/fictionibus.net\/book\/?page_id=12"},"modified":"2025-07-15T12:22:05","modified_gmt":"2025-07-15T10:22:05","slug":"profil","status":"publish","type":"page","link":"http:\/\/fictionibus.net\/book\/profil\/","title":{"rendered":"profil"},"content":{"rendered":"<p>&nbsp;<\/p>\n<p><img loading=\"lazy\" decoding=\"async\" class=\"alignnone wp-image-3549 size-large\" src=\"http:\/\/fictionibus.net\/book\/wp-content\/uploads\/2025\/07\/0-1-1024x683.jpeg\" alt=\"\" width=\"660\" height=\"440\" srcset=\"http:\/\/fictionibus.net\/book\/wp-content\/uploads\/2025\/07\/0-1-1024x683.jpeg 1024w, http:\/\/fictionibus.net\/book\/wp-content\/uploads\/2025\/07\/0-1-300x200.jpeg 300w, http:\/\/fictionibus.net\/book\/wp-content\/uploads\/2025\/07\/0-1-768x512.jpeg 768w, http:\/\/fictionibus.net\/book\/wp-content\/uploads\/2025\/07\/0-1-1536x1024.jpeg 1536w, http:\/\/fictionibus.net\/book\/wp-content\/uploads\/2025\/07\/0-1-2048x1365.jpeg 2048w\" sizes=\"auto, (max-width: 660px) 100vw, 660px\" \/><\/p>\n<p>N\u00e9 en 1981, vit et travaille \u00e0 Paris.<\/p>\n<p>\u00c9tienne Boissier puise dans la rue la mati\u00e8re premi\u00e8re de sa peinture.<span class=\"Apple-converted-space\">\u00a0<\/span>Arpenteur infatigable des trottoirs de Paris, il capte les sc\u00e8nes brutes, absurdes ou<span class=\"Apple-converted-space\">\u00a0<\/span>poignantes d\u2019une ville en perp\u00e9tuel th\u00e9\u00e2tre. Sa peinture est dense, charnelle, directe. Sans chercher \u00e0 plaire, elle cherche \u00e0 dire. Elle raconte le d\u00e9sordre urbain, les visages fatigu\u00e9s, la po\u00e9sie inattendue d\u2019un instant. Co-fondateur du mouvement \u201cfiguration sociale\u201d avec Pierre Gregori, il revendique une peinture figurative ancr\u00e9e dans le r\u00e9el : celui du 21e si\u00e8cle, entre beaut\u00e9 ab\u00eem\u00e9e<span class=\"Apple-converted-space\">\u00a0<\/span>et ironie cruelle. Une peinture de terrain, sans gants. Une peinture qui ose regarder<span class=\"Apple-converted-space\">\u00a0<\/span>o\u00f9 \u00e7a gratte.<\/p>\n<pre id=\"tw-target-text\" class=\"tw-data-text tw-text-large tw-ta\" dir=\"ltr\" data-placeholder=\"Traduction\" data-ved=\"2ahUKEwjRz7KbiqSOAxUnVqQEHWbHEhEQ3ewLegQICRAV\" aria-label=\"Texte traduit\u00a0: Born in 1981, lives and works in Paris. \u00c9tienne Boissier draws the raw material for his painting from the streets. A tireless explorer of Parisian sidewalks, he captures the raw, absurd, or poignant scenes of a city in perpetual play. His painting is dense, sensual, and direct. Without seeking to please, it seeks to express itself. It recounts urban disorder, tired faces, and the unexpected poetry of a moment. Co-founder of the &quot;figuration sociale&quot; movement with Pierre Gregori, he advocates a figurative painting rooted in reality: that of the 21st century, between damaged beauty and cruel irony. A painting from the field, without gloves. A painting that dares to look where it itches.\"><span class=\"Y2IQFc\" lang=\"en\">Born in 1981, lives and works in Paris.\r\n\r\n\u00c9tienne Boissier draws the raw material for his painting from the streets. A tireless explorer of Parisian sidewalks, he captures the raw, absurd, or poignant scenes of a city in perpetual play. His painting is dense, sensual, and direct. Without seeking to please, it seeks to express itself. It recounts urban disorder, tired faces, and the unexpected poetry of a moment. Co-founder of the \"figuration sociale\" movement with Pierre Gregori, he advocates a figurative painting rooted in reality: that of the 21st century, between damaged beauty and cruel irony. A painting from the field, without gloves. A painting that dares to look where it itches.<\/span><\/pre>\n<p>&nbsp;<\/p>\n<p><strong>Activit\u00e9s, formation<\/strong><\/p>\n<p>Universit\u00e9 Paris 8 Vincennes \u00e0 Saint-Denis :<br \/>\n2003, licence en Arts plastiques.<br \/>\n2005, ma\u00eetrise en Arts plastiques, <em>Le Trait comme ligne de conduite, interrogation d\u2019une pratique du dessin<\/em>, sous la direction de Xin Ye.<br \/>\n2008, master \u00ab Th\u00e9orie et pratique de l\u2019art contemporain et des nouveaux m\u00e9dias\u00a0\u00bb, <em>La Culture underground et ses modes de diffusion. La mode, la musique, l\u2019art, la presse, le cin\u00e9ma<\/em>.<\/p>\n<p>Ses comp\u00e9tences techniques sont dans les domaines du dessin et de la peinture, de la photographie et de la vid\u00e9o, des logiciels de dessin, de traitement d\u2019images, de design graphique et d\u2019\u00e9dition.<\/p>\n<p>Depuis 2020, dans son atelier \u00e0 Paris, 11e, il se consacre pleinement \u00e0 la pratique de la peinture et des expositions. Il d\u00e9veloppe notamment l\u2019id\u00e9e de \u00ab\u00a0Figuration sociale\u00a0\u00bb, dans le contexte de livres d\u2019artistes, d\u2019expositions de groupes d\u2019artistes, y compris comme commissaire.<\/p>\n<p>&nbsp;<\/p>\n<p><b>Activit\u00e9s, expositions<\/b><\/p>\n<p>28 mai &gt; 8 juillet 2025, <i>Paris Aujourd\u2019hui ! Art &amp; Lives<\/i>, Track 119, 119 rue du chemin vert 75011 Paris. Art : Mc Blue Matter, \u00c9tienne Boissier, Willy Cazuguel, Olevo, Simon Roche, Emmanuel Mousset, Philippe Hugues Bonan, Wenni Pan, Tzigane. Lives : King Ping, Dj Inkimo, Dj Vendi, Dj Kesmo. Curators : Galerie 389, 119, Vision MUSICALE, Fiso Social Club.<\/p>\n<p>16 mai &gt; 6 juin 2025, <i>Ch\u00f4mage \u00e0 Bascule<\/i>, Librairie de La Halle Saint Pierre. Burnex, \u00c9tienne Boissier, Le Colis Pi\u00e9g\u00e9, Grosse Victime Magazine, Antoine Paris, Ai Komoto, Pierre Gregori.<\/p>\n<p>7 &gt; 27 f\u00e9vrier 2025, <i>Grosse Victime Magazine a corrig\u00e9 les copies et c\u2019est pas brillant<\/i>, Librairie du Jour Agn\u00e8s B La Fab, place Jean-Michel Basquiat, 75013 Paris. Emmanuel Mousset, Marcos Carrasquer, \u00c9tienne Boissier, Ai Komoto, Antoine Paris, Burnex, Solenne Capmas, Wr Moon, Martes Bathori, Beah Shin.<\/p>\n<p>12 d\u00e9cembre 2024 &gt; 11 janvier 2025, <i>Oh la vache, c\u2019est un Minotaure, peinture, dessin, sculpture, c\u00e9ramique<\/i>, exposition collective, Galerie Gratadou, 12 rue de Thorigny, 75003 Paris.<span class=\"Apple-converted-space\">\u00a0<\/span><\/p>\n<p>19 &gt; 21 octobre 2024, <i>Une saison en enfer<\/i>, Galerie Gratadou, 12 rue de Thorigny, 75003 Paris. \u00c9tienne Boissier, Marcos Carrasquer, Emmanuel Mousset, Vincent Wagnair, Burnex, MG Blue Matter, Martes Bathori, Ai Komoto, Beah Shin, Jill Chauvat, Solenne Capmas, Charlotte Bienvenu, \u00c9milien Maricot, Olevo, Emmanuelle Messica. Lancement du double magazine : <i>Grosse Victime\/Po\u00efjuku Tessy.<span class=\"Apple-converted-space\">\u00a0<\/span><\/i><\/p>\n<p>8 &gt; 17 juillet 2024, <i>Plan\u00e8te Bleue, Peintures, <\/i>Galerie 102, rue du Cherche-Midi, 75006 Paris. Horty Fleur, \u00c9tienne Boissier, Elvire Emerique, Alain Viry.<span class=\"Apple-converted-space\">\u00a0<\/span><\/p>\n<p>10 janvier &gt; 10 f\u00e9vrier 2024, <i>De l\u2019eau de la Seine dans les t\u00e9tons,<\/i> Un Regard moderne, 10 rue G\u00eet-le-C\u0153ur, 75006 Paris. Martes Bathori, Mathilde Paix, Marcos Carrasquer, Burnex, \u00c9tienne Boissier, Ai Komoto, \u00c9milien Maricot, Lou Neveux-Pardijon, Cool Jane Cloud, Mc Blue Matter, Tristan Perreton, Po\u00efjuku Tessy, Agathe Kitoko, Charlotte Xinon, Miki Haiyama, Sarah Barthe, Anne-Laure Ganga, Nicola\u00ef Dumpty, Chantal Godard, Blowbook, Vincent Wagnair, C\u00e9line Steinmetz, Solenne Campas, Kany Sissoko, Antoine Paris. Curator : Antoine Paris, Grosse Victime Magazine.<\/p>\n<p>23 novembre 2023 &gt; 19 janvier 2024,<i> Lutes &amp; Boissier, peintures<\/i>, Galerie 389 La boutique, 389 rue des Pyr\u00e9n\u00e9es, 75020 Paris.<\/p>\n<p>15 juin &gt; 29 juillet 2023, <i>\u00c9tienne Boissier \u2022 Pierre Gregori, exposition de peintures d\u2019art Taxiphone, Figuration sociale de Paris, <\/i>Galerie 389 La boutique, 389 rue des Pyr\u00e9n\u00e9es, 75020, Paris.<\/p>\n<p>20 octobre &gt; 25 novembre 2022, <i>Fiso Expo. Figuration Sociale #1. Gregori, Boissier, Mousset, Paris, Wang, <\/i>Galerie 389 La boutique, 389 rue des Pyr\u00e9n\u00e9es, 75020, Paris.<\/p>\n<p>vendredi 13 mai 2022, <i>On se faufile entre tes faux-cils<\/i>, signature et exposition, 15h-19h, Un Regard moderne, 10 rue G\u00eet-le-c\u0153ur, 75006 Paris 15h-19h. Exposition collective. Curators : Antoine Paris et \u00c9tienne Boissier.<\/p>\n<p>14 avril &gt; 6 mai 2022, <i>Allo maman, j\u2019ai rat\u00e9 la gloire<\/i>, Galerie 389 La boutique, 389 rue des Pyr\u00e9n\u00e9es, 75020. Jill Chauvat, Wawapod, Emmanuel Mousset, C.R.A.P.U.L.E, Pierre Gregori, Willy Cazuguel, \u00c9tienne Boissier, Antoine Paris, Lutes, Tzigane.<\/p>\n<p>mars 2022, Le Droit de vivre quand on est moche, exposition collective, Galerie Le Flor\u00e9al Belleville, 43 rue des Couronnes, Paris.<\/p>\n<p>2022, <i>La Rigolade, Kiosk artistique<\/i>, ouvert tous les jours 11h-18h, exposition collective permanente, 84 rue des rigoles, 75020, Paris.<\/p>\n<p>8 d\u00e9cembre 2021 &gt; 5 janvier 2022, <i>Muses, Hobos &amp; Weirdos<\/i>, Galerie 389 La boutique, 389 rue des Pyr\u00e9n\u00e9es, 75020, Paris. Pierre Gregori &amp; \u00c9tienne Boissier. Curators : 389 et Contrebande.<\/p>\n<p>3 &gt; 11 novembre 2021, <i>Fake Ready Mades<\/i>, Openbach Galerie, 12 Rue Jean S\u00e9bastien Bach, 75013 Paris. Tisto, Pierre Gregori, Guillaume Vannier, Ang\u00e8le Mouteau, Violaine Desportes, \u00c9tienne Boissier, Arthur Deshayes, Emmanuel Mousset, Xavier de Kepper.<\/p>\n<p>28 octobre &gt; 19 novembre 2021, <i>Fesstivit\u00e9s<\/i>, L\u2019Officine, 4 rue des Maronites, Paris 75020. Claire Cecchini, C\u00e9cile Carer, Jill Chauvat, \u00c9tienne Boissier, Antoine Paris, Sylvain Diot, Emmanuel Mousset, C\u00e9cilia Avati.<\/p>\n<p>6 &gt; 10 octobre 2021, <i>Contrebande 2<\/i>, Openbach Galerie, 12 Rue Jean S\u00e9bastien Bach, 75013 Paris. Jill Chauvat, Pierre Gregori, Francesco Romano, Emmanuel Mousset, \u00c9tienne Boissier.<\/p>\n<p>10 &gt; 19 septembre 2021, <i>Qu\u2019on disperse les cendres dans l\u2019oreille des sourds<\/i>, Galerie 59 Rue de Rivoli, 75005 Paris. Martes Bathori, Lucie Morel, Nikita Kravtsov, \u00c9tienne Boissier, Nicola\u00ef Dumpty, \u00c9milien Maricot, Emmanuel Mousset, Laure Crubil\u00e9, Antoine Paris.<\/p>\n<p>20 juillet &gt; 2 ao\u00fbt 2020, <i>Contrebande, R\u00e9sidence d\u2019artistes<\/i>, Openbach Galerie, 12 Rue Jean S\u00e9bastien Bach, 75013 Paris.<\/p>\n<p>15 &gt; 19 janvier 2020, <i>Contrebande<\/i>, Openbach Galerie, 12 Rue Jean S\u00e9bastien Bach, 75013 Paris. Pierre Gregori, Gonzo L\u2019Enfant sale (\u00c9tienne Boissier), Lounys Ereska, Emmanuel Mousset, WR Moon.<\/p>\n<p>mai 2019,<i> Get Sick #1<\/i>, boutique Think Tank, 40 rue Saint-Paul, 75004 Paris. Peintures.<\/p>\n<p>15 &gt; 22 d\u00e9cembre 2018, exposition personnelle,<i> Gonzo l\u2019enfant sale, Bienvenue \u00e0 Paris<\/i>, La Terrasse, 76, avenue de la R\u00e9publique, 75011 Paris.<\/p>\n<p>ao\u00fbt &gt; septembre 2018, <i>Brand New Hits, Art jackets<\/i>, et intervention graphique murale, boutique Rock the streets, 46, rue Tiquetonne, 75002 Paris.<\/p>\n<p>26 juillet &gt; 2 ao\u00fbt 2018, exposition personnelle, <i>Johnny Gonzo, Controversy<\/i>, Poska, 71 rue d\u2019Hauteville, 75010 Paris.<\/p>\n<p>17 &gt; 25 juillet 2018, <i>Expo Johnny Gonzo<\/i>, une s\u00e9rie d\u2019acryliques sur toile, Au Rosie, 3 rue Muller, 75008 Paris.<\/p>\n<p>f\u00e9vrier 2018, exposition personnelle, Dragon 8 Ph\u00e9nix, Paris.<\/p>\n<p>novembre 2017, <i>Groupe d\u2019artistes Ereska<\/i>, restaurant Workshop, Paris 75003.<\/p>\n<p>novembre 2017, intervention graphique spectaculaire, Adidas, Parc des expositions, Porte de Versailles, Paris.<\/p>\n<p>novembre 2017, vestes customis\u00e9es, dessins originaux, exemplaires uniques, Denim Pop Up Street, Paris<\/p>\n<p>2017 &gt; 2018, vestes customis\u00e9es, dessins originaux, exemplaires uniques, boutique Rock The Street, 46, rue Tiquetonne, 75002 Paris.<\/p>\n<p>2016 &gt; 2018, ligne graphique, logo et flyers, <i>Nohell4 Hip Hop<\/i>, et plusieurs interventions graphiques murales pour le Nouveau Casino, salle de concerts, 108, rue Oberkampf, 75011 Paris.<\/p>\n<p>2016, \u00c9v\u00e9nement, intervention graphique murale en duo avec Lounys-Ereska, Panic Room, Paris<\/p>\n<p>octobre 2016, <i>Adorablement d\u00e9testable #3<\/i>, dessins grands formats imprim\u00e9s en noir et blanc dans le hall d&rsquo;entr\u00e9e du restaurant La Favela Chic, 18 rue du Faubourg du Temple, 75011 Paris.<\/p>\n<p>2016, <i>Petits formats<\/i>, dessins originaux, Le Verre Taquin, 75010 Paris.<\/p>\n<p>2016 &gt; 2011, intense activit\u00e9 \u00e9ditoriale personnelle. Parmi cette production, les livrets\u00a0: <i>Private Joke<\/i>, 2011\u00a0; Nilbog, <i>peintures r\u00e9centes<\/i>, 2012\u00a0; <i>Pandemonium<\/i>, 2015\u00a0; <i>Obscene Machine<\/i>, 2016 en vente dans les librairies Classic et agnes b.<\/p>\n<p>2011, <i>Plan B<\/i>, Viaduc des Arts, 75012 Paris.<\/p>\n<p>2010, <i>Narvalow Freak Show<\/i>, exposition collective, Living Room, 75011 Paris.<\/p>\n<p>2010, <i>La Guerre des \u00c9toiles<\/i>, exposition collective, La Fonderie, 93 Bagnolet.<\/p>\n<p>2009-2010, Identit\u00e9 visuelle (graphisme, g\u00e9n\u00e9rique et flyers) pour la cha\u00eene web <i>Drugstore<\/i>, 6 num\u00e9ros sur Dailymotion, co-auteur (avec Romain Cieutat), g\u00e9n\u00e9rique, animations, cadre, etc. programme t\u00e9l\u00e9 sur internet d\u00e9di\u00e9 aux cultures urbaines alternatives, aux musiques actuelles et autres formes d&rsquo;art et pratiques de la street culture ; skate, danse, graffiti, litt\u00e9rature, cin\u00e9ma. L&rsquo;\u00e9mission est compos\u00e9e d&rsquo;interviews et de reportages ainsi que de vid\u00e9os de cr\u00e9ation libre (mini clips, sketches; dessins anim\u00e9s). Illustrations de presse\u00a0: <i>Clark Magazine<\/i>, <i>Newlook<\/i>, <i>Spray<\/i>. Couvertures de CD pour divers groupes musicaux.<\/p>\n<p>2003-2009, identit\u00e9 visuelle en tant que membre fondateur et actif du collectif musical <i>Ego 6<\/i>, Paris, logos, flyers, pochettes de CD, etc.<\/p>\n<p>2009, <i>Petits formats, grandes surfaces<\/i>, exposition collective, Soci\u00e9t\u00e9 HighCo et Studio 55. Affiche : premier prix du concours de s\u00e9rigraphie, soci\u00e9t\u00e9 Highco.<\/p>\n<p>2008, <i>Free Art fo Free People<\/i>, exposition personnelle, Caf\u00e9 Le L\u00e9opard, 75011 Paris.<\/p>\n<p>2007, <i>Make Art Not War<\/i>, Les Vo\u00fbtes, 75001 Paris.<\/p>\n","protected":false},"excerpt":{"rendered":"<p>&nbsp; N\u00e9 en 1981, vit et travaille \u00e0 Paris. \u00c9tienne Boissier puise dans la rue la mati\u00e8re premi\u00e8re de sa peinture.\u00a0Arpenteur infatigable des trottoirs de Paris, il capte les sc\u00e8nes brutes, absurdes ou\u00a0poignantes d\u2019une ville en perp\u00e9tuel th\u00e9\u00e2tre. Sa peinture est dense, charnelle, directe. Sans chercher \u00e0 plaire, elle cherche \u00e0 dire. Elle raconte le &hellip; <a href=\"http:\/\/fictionibus.net\/book\/profil\/\" class=\"more-link\">Continuer la lecture de <span class=\"screen-reader-text\">profil<\/span><\/a><\/p>\n","protected":false},"author":1,"featured_media":0,"parent":0,"menu_order":12,"comment_status":"closed","ping_status":"closed","template":"","meta":{"footnotes":""},"class_list":["post-12","page","type-page","status-publish","hentry"],"_links":{"self":[{"href":"http:\/\/fictionibus.net\/book\/wp-json\/wp\/v2\/pages\/12","targetHints":{"allow":["GET"]}}],"collection":[{"href":"http:\/\/fictionibus.net\/book\/wp-json\/wp\/v2\/pages"}],"about":[{"href":"http:\/\/fictionibus.net\/book\/wp-json\/wp\/v2\/types\/page"}],"author":[{"embeddable":true,"href":"http:\/\/fictionibus.net\/book\/wp-json\/wp\/v2\/users\/1"}],"replies":[{"embeddable":true,"href":"http:\/\/fictionibus.net\/book\/wp-json\/wp\/v2\/comments?post=12"}],"version-history":[{"count":82,"href":"http:\/\/fictionibus.net\/book\/wp-json\/wp\/v2\/pages\/12\/revisions"}],"predecessor-version":[{"id":3574,"href":"http:\/\/fictionibus.net\/book\/wp-json\/wp\/v2\/pages\/12\/revisions\/3574"}],"wp:attachment":[{"href":"http:\/\/fictionibus.net\/book\/wp-json\/wp\/v2\/media?parent=12"}],"curies":[{"name":"wp","href":"https:\/\/api.w.org\/{rel}","templated":true}]}}